{"id":176,"date":"2021-02-17T20:21:48","date_gmt":"2021-02-17T20:21:48","guid":{"rendered":"https:\/\/studiomorro.be\/?page_id=176"},"modified":"2025-02-05T23:32:52","modified_gmt":"2025-02-05T21:32:52","slug":"about-us","status":"publish","type":"page","link":"https:\/\/studiomorro.be\/nl\/about-us\/","title":{"rendered":"About"},"content":{"rendered":"<div id=\"fws_69e4efc6589a3\"  data-column-margin=\"default\" data-midnight=\"dark\"  class=\"wpb_row vc_row-fluid vc_row full-width-content vc_row-o-equal-height vc_row-flex\"  style=\"padding-top: 0px; padding-bottom: 0px; \"><div class=\"row-bg-wrap\" data-bg-animation=\"none\" data-bg-animation-delay=\"\" data-bg-overlay=\"false\"><div class=\"inner-wrap row-bg-layer\" ><div class=\"row-bg viewport-desktop using-bg-color\"  style=\"background-color: #f7b9aa; \"><\/div><\/div><\/div><div class=\"row_col_wrap_12 col span_12 dark left\">\n\t<div  class=\"vc_col-sm-8 wpb_column column_container vc_column_container col padding-2-percent inherit_tablet no-extra-padding_phone\"  data-padding-pos=\"right\" data-has-bg-color=\"false\" data-bg-color=\"\" data-bg-opacity=\"1\" data-animation=\"\" data-delay=\"0\" >\n\t\t<div class=\"vc_column-inner\" >\n\t\t\t<div class=\"wpb_wrapper\">\n\t\t\t\t<div class=\"img-with-aniamtion-wrap center\" data-max-width=\"100%\" data-max-width-mobile=\"150%\" data-shadow=\"none\" data-animation=\"fade-in\" >\n      <div class=\"inner\">\n        <div class=\"hover-wrap\"> \n          <div class=\"hover-wrap-inner\">\n            <img loading=\"lazy\" decoding=\"async\" class=\"img-with-animation skip-lazy\" data-delay=\"0\" height=\"668\" width=\"2000\" data-animation=\"fade-in\" src=\"https:\/\/studiomorro.be\/wp-content\/uploads\/2024\/12\/Morro-chairs-cover.jpg\" alt=\"\" srcset=\"https:\/\/studiomorro.be\/wp-content\/uploads\/2024\/12\/Morro-chairs-cover.jpg 2000w, https:\/\/studiomorro.be\/wp-content\/uploads\/2024\/12\/Morro-chairs-cover-300x100.jpg 300w, https:\/\/studiomorro.be\/wp-content\/uploads\/2024\/12\/Morro-chairs-cover-1024x342.jpg 1024w, https:\/\/studiomorro.be\/wp-content\/uploads\/2024\/12\/Morro-chairs-cover-768x257.jpg 768w, https:\/\/studiomorro.be\/wp-content\/uploads\/2024\/12\/Morro-chairs-cover-1536x513.jpg 1536w, https:\/\/studiomorro.be\/wp-content\/uploads\/2024\/12\/Morro-chairs-cover-18x6.jpg 18w, https:\/\/studiomorro.be\/wp-content\/uploads\/2024\/12\/Morro-chairs-cover-600x200.jpg 600w\" sizes=\"auto, (max-width: 2000px) 100vw, 2000px\" \/>\n          <\/div>\n        <\/div>\n      <\/div>\n    <\/div>\n\t\t\t<\/div> \n\t\t<\/div>\n\t<\/div> \n\n\t<div style=\"margin-top: 9%; \" class=\"vc_col-sm-4 wpb_column column_container vc_column_container col padding-2-percent bottom_margin_phone_4pct inherit_tablet padding-4-percent_phone\"  data-padding-pos=\"left-right\" data-has-bg-color=\"false\" data-bg-color=\"\" data-bg-opacity=\"1\" data-animation=\"\" data-delay=\"0\" >\n\t\t<div class=\"vc_column-inner\" >\n\t\t\t<div class=\"wpb_wrapper\">\n\t\t\t\t\n<div class=\"wpb_text_column wpb_content_element\" style=\" max-width: 250px; display: inline-block;\">\n\t<div class=\"wpb_wrapper\">\n\t\t<h1>over morro<\/h1>\n\t<\/div>\n<\/div>\n\n\n\n\n\t\t\t<\/div> \n\t\t<\/div>\n\t<\/div> \n<\/div><\/div>\n\t\t<div id=\"home\"  data-column-margin=\"default\" data-midnight=\"dark\" data-top-percent=\"4%\" data-bottom-percent=\"4%\"  class=\"wpb_row vc_row-fluid vc_row full-width-section vc_row-o-equal-height vc_row-flex vc_row-o-content-middle  top_padding_tablet_8pct bottom_padding_tablet_8pct\"  style=\"padding-top: calc(100vw * 0.04); padding-bottom: calc(100vw * 0.04); \"><div class=\"row-bg-wrap\" data-bg-animation=\"none\" data-bg-animation-delay=\"\" data-bg-overlay=\"false\"><div class=\"inner-wrap row-bg-layer\" ><div class=\"row-bg viewport-desktop\"  style=\"\"><\/div><\/div><\/div><div class=\"row_col_wrap_12 col span_12 dark left\">\n\t<div  class=\"vc_col-sm-12 vc_col-xs-12 wpb_column column_container vc_column_container col no-extra-padding right_margin_tablet_auto right_margin_phone_auto left_margin_tablet_auto left_margin_phone_auto inherit_tablet inherit_phone max_width_tablet_600px max_width_phone_420px\"  data-padding-pos=\"all\" data-has-bg-color=\"false\" data-bg-color=\"\" data-bg-opacity=\"1\" data-animation=\"\" data-delay=\"0\" >\n\t\t<div class=\"vc_column-inner\" >\n\t\t\t<div class=\"wpb_wrapper\">\n\t\t\t\t\n<div class=\"wpb_text_column wpb_content_element\" >\n\t<div class=\"wpb_wrapper\">\n\t\t<h2>Onze missie is het cre\u00ebren van designobjecten die niet in de massa verdwijnen, maar juist de aandacht trekken. We experimenteren graag met levendige kleuren en verrassende vormen om een statement te maken in je interieur.<\/h2>\n\t<\/div>\n<\/div>\n\n\n\n<div id=\"fws_69e4efc65abde\" data-midnight=\"\" data-column-margin=\"default\" class=\"wpb_row vc_row-fluid vc_row inner_row\"  style=\"\"><div class=\"row-bg-wrap\"> <div class=\"row-bg\" ><\/div> <\/div><div class=\"row_col_wrap_12_inner col span_12  left\">\n\t<div  class=\"vc_col-sm-6 wpb_column column_container vc_column_container col child_column has-animation padding-3-percent inherit_tablet inherit_phone\"   data-padding-pos=\"top\" data-has-bg-color=\"false\" data-bg-color=\"\" data-bg-opacity=\"1\" data-animation=\"fade-in-from-bottom\" data-delay=\"0\" >\n\t\t<div class=\"vc_column-inner\" >\n\t\t<div class=\"wpb_wrapper\">\n\t\t\t\n<div class=\"wpb_text_column wpb_content_element  vc_custom_1734103894150\" >\n\t<div class=\"wpb_wrapper\">\n\t\t<h4><span style=\"color: #e45e41;\">Handgemaakt in Belgi\u00eb<\/span><\/h4>\n<p>Het combineren van staal met andere materialen zoals glas en stof is onze specialiteit. Elk stuk wordt met liefde en oog voor detail ontworpen en met de hand gemaakt in onze studio in Torhout, Belgi\u00eb.<\/p>\n\t<\/div>\n<\/div>\n\n\n\n\n\t\t<\/div> \n\t<\/div>\n\t<\/div> \n\n\t<div  class=\"vc_col-sm-6 wpb_column column_container vc_column_container col child_column has-animation padding-3-percent inherit_tablet inherit_phone\"   data-padding-pos=\"top\" data-has-bg-color=\"false\" data-bg-color=\"\" data-bg-opacity=\"1\" data-animation=\"fade-in-from-bottom\" data-delay=\"100\" >\n\t\t<div class=\"vc_column-inner\" >\n\t\t<div class=\"wpb_wrapper\">\n\t\t\t\n<div class=\"wpb_text_column wpb_content_element  vc_custom_1734103908686\" >\n\t<div class=\"wpb_wrapper\">\n\t\t<h4><span style=\"color: #e45e41;\">Het creatieve proces<\/span><\/h4>\n<p>Bij Studio Morro houden we van het creatieve proces. Van het schetsen van wilde idee\u00ebn tot het prototypen en finetunen totdat alles klopt. We zijn gepassioneerd door het proces van cre\u00ebren en het tot leven brengen van idee\u00ebn.<\/p>\n\t<\/div>\n<\/div>\n\n\n\n\n\t\t<\/div> \n\t<\/div>\n\t<\/div> \n<\/div><\/div>\n\t\t\t<\/div> \n\t\t<\/div>\n\t<\/div> \n<\/div><\/div>\n\t\t<div id=\"fws_69e4efc65b6e6\"  data-column-margin=\"none\" data-midnight=\"dark\" data-top-percent=\"3%\" data-bottom-percent=\"3%\"  class=\"wpb_row vc_row-fluid vc_row full-width-section vc_row-o-equal-height vc_row-flex vc_row-o-content-middle\"  style=\"padding-top: calc(100vw * 0.03); padding-bottom: calc(100vw * 0.03); \"><div class=\"row-bg-wrap\" data-bg-animation=\"none\" data-bg-animation-delay=\"\" data-bg-overlay=\"false\"><div class=\"inner-wrap row-bg-layer\" ><div class=\"row-bg viewport-desktop\"  style=\"\"><\/div><\/div><\/div><div class=\"row_col_wrap_12 col span_12 dark left\">\n\t<div  class=\"vc_col-sm-5 wpb_column column_container vc_column_container col no-extra-padding inherit_tablet inherit_phone\"  data-padding-pos=\"all\" data-has-bg-color=\"false\" data-bg-color=\"\" data-bg-opacity=\"1\" data-animation=\"\" data-delay=\"0\" >\n\t\t<div class=\"vc_column-inner\" >\n\t\t\t<div class=\"wpb_wrapper\">\n\t\t\t\t<div id=\"fws_69e4efc65baa1\" data-midnight=\"\" data-column-margin=\"default\" class=\"wpb_row vc_row-fluid vc_row inner_row\"  style=\"\"><div class=\"row-bg-wrap\"> <div class=\"row-bg\" ><\/div> <\/div><div class=\"row_col_wrap_12_inner col span_12  left\">\n\t<div  class=\"vc_col-sm-12 wpb_column column_container vc_column_container col child_column no-extra-padding inherit_tablet inherit_phone\"   data-padding-pos=\"all\" data-has-bg-color=\"false\" data-bg-color=\"\" data-bg-opacity=\"1\" data-animation=\"\" data-delay=\"0\" >\n\t\t<div class=\"vc_column-inner\" >\n\t\t<div class=\"wpb_wrapper\">\n\t\t\t<div class=\"img-with-aniamtion-wrap\" data-max-width=\"110%\" data-max-width-mobile=\"default\" data-shadow=\"none\" data-animation=\"grow-in\" >\n      <div class=\"inner\">\n        <div class=\"hover-wrap\" data-hover-animation=\"zoom-crop\"> \n          <div class=\"hover-wrap-inner\">\n            <img loading=\"lazy\" decoding=\"async\" class=\"img-with-animation skip-lazy\" data-delay=\"0\" height=\"1200\" width=\"1200\" data-animation=\"grow-in\" src=\"https:\/\/studiomorro.be\/wp-content\/uploads\/2024\/12\/Studio-Morro-HO.jpg\" alt=\"\" srcset=\"https:\/\/studiomorro.be\/wp-content\/uploads\/2024\/12\/Studio-Morro-HO.jpg 1200w, https:\/\/studiomorro.be\/wp-content\/uploads\/2024\/12\/Studio-Morro-HO-300x300.jpg 300w, https:\/\/studiomorro.be\/wp-content\/uploads\/2024\/12\/Studio-Morro-HO-1024x1024.jpg 1024w, https:\/\/studiomorro.be\/wp-content\/uploads\/2024\/12\/Studio-Morro-HO-150x150.jpg 150w, https:\/\/studiomorro.be\/wp-content\/uploads\/2024\/12\/Studio-Morro-HO-768x768.jpg 768w, https:\/\/studiomorro.be\/wp-content\/uploads\/2024\/12\/Studio-Morro-HO-12x12.jpg 12w, https:\/\/studiomorro.be\/wp-content\/uploads\/2024\/12\/Studio-Morro-HO-140x140.jpg 140w, https:\/\/studiomorro.be\/wp-content\/uploads\/2024\/12\/Studio-Morro-HO-100x100.jpg 100w, https:\/\/studiomorro.be\/wp-content\/uploads\/2024\/12\/Studio-Morro-HO-500x500.jpg 500w, https:\/\/studiomorro.be\/wp-content\/uploads\/2024\/12\/Studio-Morro-HO-350x350.jpg 350w, https:\/\/studiomorro.be\/wp-content\/uploads\/2024\/12\/Studio-Morro-HO-1000x1000.jpg 1000w, https:\/\/studiomorro.be\/wp-content\/uploads\/2024\/12\/Studio-Morro-HO-800x800.jpg 800w, https:\/\/studiomorro.be\/wp-content\/uploads\/2024\/12\/Studio-Morro-HO-600x600.jpg 600w, https:\/\/studiomorro.be\/wp-content\/uploads\/2024\/12\/Studio-Morro-HO-50x50.jpg 50w\" sizes=\"auto, (max-width: 1200px) 100vw, 1200px\" \/>\n          <\/div>\n        <\/div>\n      <\/div>\n    <\/div>\n\t\t<\/div> \n\t<\/div>\n\t<\/div> \n<\/div><\/div>\n\t\t\t<\/div> \n\t\t<\/div>\n\t<\/div> \n\n\t<div style=\"\" class=\"vc_col-sm-7 wpb_column column_container vc_column_container col padding-12-percent inherit_tablet inherit_phone\" data-using-bg=\"true\" data-padding-pos=\"all\" data-has-bg-color=\"true\" data-bg-color=\"#cdb2d6\" data-bg-opacity=\"1\" data-animation=\"\" data-delay=\"0\" >\n\t\t<div class=\"vc_column-inner\" ><div class=\"column-bg-overlay-wrap column-bg-layer\" data-bg-animation=\"none\"><div class=\"column-bg-overlay\" style=\"opacity: 1; background-color: #cdb2d6;\"><\/div><\/div>\n\t\t\t<div class=\"wpb_wrapper\">\n\t\t\t\t<div id=\"fws_69e4efc65cb08\" data-midnight=\"\" data-column-margin=\"default\" class=\"wpb_row vc_row-fluid vc_row inner_row  vc_custom_1569518583590\"  style=\"\"><div class=\"row-bg-wrap\"> <div class=\"row-bg\" ><\/div> <\/div><div class=\"row_col_wrap_12_inner col span_12  left\">\n\t<div  class=\"vc_col-sm-1 vc_col-lg-offset-0 vc_col-md-offset-0 vc_hidden-sm vc_hidden-xs wpb_column column_container vc_column_container col child_column no-extra-padding inherit_tablet inherit_phone\"   data-padding-pos=\"all\" data-has-bg-color=\"false\" data-bg-color=\"\" data-bg-opacity=\"1\" data-animation=\"\" data-delay=\"0\" >\n\t\t<div class=\"vc_column-inner\" >\n\t\t<div class=\"wpb_wrapper\">\n\t\t\t\n\t\t<\/div> \n\t<\/div>\n\t<\/div> \n\n\t<div  class=\"vc_col-sm-11 vc_col-xs-12 wpb_column column_container vc_column_container col child_column no-extra-padding inherit_tablet inherit_phone\"   data-padding-pos=\"all\" data-has-bg-color=\"false\" data-bg-color=\"\" data-bg-opacity=\"1\" data-animation=\"\" data-delay=\"0\" >\n\t\t<div class=\"vc_column-inner\" >\n\t\t<div class=\"wpb_wrapper\">\n\t\t\t<div class=\"nectar-split-heading\" data-align=\"default\" data-m-align=\"inherit\" data-text-effect=\"default\" data-animation-type=\"line-reveal-by-space\" data-animation-delay=\"0\" data-animation-offset=\"\" data-m-rm-animation=\"\" data-stagger=\"\" data-custom-font-size=\"false\" ><h3 >Meet Hannelore, the creative genius<\/h3><\/div>\n\t\t<\/div> \n\t<\/div>\n\t<\/div> \n<\/div><\/div><div id=\"fws_69e4efc65d2bb\" data-midnight=\"\" data-column-margin=\"default\" class=\"wpb_row vc_row-fluid vc_row inner_row\"  style=\"\"><div class=\"row-bg-wrap\"> <div class=\"row-bg\" ><\/div> <\/div><div class=\"row_col_wrap_12_inner col span_12  left\">\n\t<div  class=\"vc_col-sm-1 vc_col-lg-offset-0 vc_col-md-offset-0 vc_hidden-sm vc_hidden-xs wpb_column column_container vc_column_container col child_column no-extra-padding inherit_tablet inherit_phone\"   data-padding-pos=\"all\" data-has-bg-color=\"false\" data-bg-color=\"\" data-bg-opacity=\"1\" data-animation=\"\" data-delay=\"0\" >\n\t\t<div class=\"vc_column-inner\" >\n\t\t<div class=\"wpb_wrapper\">\n\t\t\t\n\t\t<\/div> \n\t<\/div>\n\t<\/div> \n\n\t<div  class=\"vc_col-sm-11 vc_col-xs-12 wpb_column column_container vc_column_container col child_column has-animation no-extra-padding inherit_tablet inherit_phone\"   data-padding-pos=\"all\" data-has-bg-color=\"false\" data-bg-color=\"\" data-bg-opacity=\"1\" data-animation=\"fade-in-from-bottom\" data-delay=\"0\" >\n\t\t<div class=\"vc_column-inner\" >\n\t\t<div class=\"wpb_wrapper\">\n\t\t\t\n<div class=\"wpb_text_column wpb_content_element  vc_custom_1734099611648\" >\n\t<div class=\"wpb_wrapper\">\n\t\t<p>Hannelore, de creatieve kracht achter Studio Morro, heeft een achtergrond in zowel interieur- als productontwerp. Haar inzicht in de harmonie tussen esthetiek en functionaliteit maakt haar ontwerpen uniek.<\/p>\n<p>Ze heeft een passie voor het combineren van kleuren en materialen en streeft ernaar om ontwerpen te maken die niet alleen een visuele impact hebben, maar ook zeer functioneel zijn.<\/p>\n\t<\/div>\n<\/div>\n\n\n\n\n\t\t<\/div> \n\t<\/div>\n\t<\/div> \n<\/div><\/div>\n\t\t\t<\/div> \n\t\t<\/div>\n\t<\/div> \n<\/div><\/div>\n\t\t<div id=\"fws_69e4efc65db8c\"  data-column-margin=\"none\" data-midnight=\"dark\" data-top-percent=\"3%\" data-bottom-percent=\"4%\"  class=\"wpb_row vc_row-fluid vc_row full-width-section vc_row-o-equal-height vc_row-flex vc_row-o-content-middle\"  style=\"padding-top: calc(100vw * 0.03); padding-bottom: calc(100vw * 0.04); \"><div class=\"row-bg-wrap\" data-bg-animation=\"none\" data-bg-animation-delay=\"\" data-bg-overlay=\"false\"><div class=\"inner-wrap row-bg-layer\" ><div class=\"row-bg viewport-desktop\"  style=\"\"><\/div><\/div><\/div><div class=\"row_col_wrap_12 col span_12 dark left\">\n\t<div style=\"\" class=\"vc_col-sm-7 wpb_column column_container vc_column_container col padding-12-percent inherit_tablet inherit_phone\" data-using-bg=\"true\" data-padding-pos=\"all\" data-has-bg-color=\"true\" data-bg-color=\"#fce69f\" data-bg-opacity=\"1\" data-animation=\"\" data-delay=\"0\" >\n\t\t<div class=\"vc_column-inner\" ><div class=\"column-bg-overlay-wrap column-bg-layer\" data-bg-animation=\"none\"><div class=\"column-bg-overlay\" style=\"opacity: 1; background-color: #fce69f;\"><\/div><\/div>\n\t\t\t<div class=\"wpb_wrapper\">\n\t\t\t\t<div id=\"fws_69e4efc65df45\" data-midnight=\"\" data-column-margin=\"none\" class=\"wpb_row vc_row-fluid vc_row inner_row\"  style=\"padding-bottom: 10px; \"><div class=\"row-bg-wrap\"> <div class=\"row-bg\" ><\/div> <\/div><div class=\"row_col_wrap_12_inner col span_12  left\">\n\t<div  class=\"vc_col-sm-12 vc_col-lg-11 vc_col-md-11 vc_col-xs-12 wpb_column column_container vc_column_container col child_column no-extra-padding inherit_tablet inherit_phone\"   data-padding-pos=\"all\" data-has-bg-color=\"false\" data-bg-color=\"\" data-bg-opacity=\"1\" data-animation=\"\" data-delay=\"0\" >\n\t\t<div class=\"vc_column-inner\" >\n\t\t<div class=\"wpb_wrapper\">\n\t\t\t<div class=\"nectar-split-heading\" data-align=\"default\" data-m-align=\"inherit\" data-text-effect=\"default\" data-animation-type=\"line-reveal-by-space\" data-animation-delay=\"0\" data-animation-offset=\"\" data-m-rm-animation=\"\" data-stagger=\"\" data-custom-font-size=\"false\" ><h3 >Meet Olivier, the fabrication wizard<\/h3><\/div>\n\t\t<\/div> \n\t<\/div>\n\t<\/div> \n<\/div><\/div><div id=\"fws_69e4efc65e43b\" data-midnight=\"\" data-column-margin=\"default\" class=\"wpb_row vc_row-fluid vc_row inner_row\"  style=\"\"><div class=\"row-bg-wrap\"> <div class=\"row-bg\" ><\/div> <\/div><div class=\"row_col_wrap_12_inner col span_12  left\">\n\t<div  class=\"vc_col-sm-12 vc_col-lg-11 vc_col-md-11 vc_col-xs-12 wpb_column column_container vc_column_container col child_column has-animation no-extra-padding inherit_tablet inherit_phone\"   data-padding-pos=\"all\" data-has-bg-color=\"false\" data-bg-color=\"\" data-bg-opacity=\"1\" data-animation=\"fade-in-from-bottom\" data-delay=\"0\" >\n\t\t<div class=\"vc_column-inner\" >\n\t\t<div class=\"wpb_wrapper\">\n\t\t\t\n<div class=\"wpb_text_column wpb_content_element  vc_custom_1734099709608\" >\n\t<div class=\"wpb_wrapper\">\n\t\t<p>Olivier is al sinds zijn kindertijd bezig met klussen en cre\u00ebren. Het begon allemaal met het bouwen van boomhutten, bureaus en wandrekken met zijn handige grootvader. Maken en cre\u00ebren? Het zit in zijn DNA!<\/p>\n<p>Maar Oliviers echte passie? Lassen en staal. Hij ontdekte zijn liefde na het volgen van enkele cursussen en was direct helemaal verkocht. Sindsdien brengt hij zijn wilde idee\u00ebn tot leven.<\/p>\n\t<\/div>\n<\/div>\n\n\n\n\n\t\t<\/div> \n\t<\/div>\n\t<\/div> \n<\/div><\/div>\n\t\t\t<\/div> \n\t\t<\/div>\n\t<\/div> \n\n\t<div  class=\"vc_col-sm-5 wpb_column column_container vc_column_container col no-extra-padding inherit_tablet inherit_phone\"  data-padding-pos=\"all\" data-has-bg-color=\"false\" data-bg-color=\"\" data-bg-opacity=\"1\" data-animation=\"\" data-delay=\"0\" >\n\t\t<div class=\"vc_column-inner\" >\n\t\t\t<div class=\"wpb_wrapper\">\n\t\t\t\t<div id=\"fws_69e4efc65eaf9\" data-midnight=\"\" data-column-margin=\"default\" class=\"wpb_row vc_row-fluid vc_row inner_row\"  style=\"\"><div class=\"row-bg-wrap\"> <div class=\"row-bg\" ><\/div> <\/div><div class=\"row_col_wrap_12_inner col span_12  left\">\n\t<div  class=\"vc_col-sm-12 wpb_column column_container vc_column_container col child_column no-extra-padding inherit_tablet inherit_phone\"   data-padding-pos=\"all\" data-has-bg-color=\"false\" data-bg-color=\"\" data-bg-opacity=\"1\" data-animation=\"\" data-delay=\"0\" >\n\t\t<div class=\"vc_column-inner\" >\n\t\t<div class=\"wpb_wrapper\">\n\t\t\t<div class=\"img-with-aniamtion-wrap right\" data-max-width=\"110%\" data-max-width-mobile=\"default\" data-shadow=\"none\" data-animation=\"grow-in\" >\n      <div class=\"inner\">\n        <div class=\"hover-wrap\" data-hover-animation=\"zoom-crop\"> \n          <div class=\"hover-wrap-inner\">\n            <img loading=\"lazy\" decoding=\"async\" class=\"img-with-animation skip-lazy\" data-delay=\"0\" height=\"1000\" width=\"1000\" data-animation=\"grow-in\" src=\"https:\/\/studiomorro.be\/wp-content\/uploads\/2024\/12\/Studio-Morro-O.jpg\" alt=\"\" srcset=\"https:\/\/studiomorro.be\/wp-content\/uploads\/2024\/12\/Studio-Morro-O.jpg 1000w, https:\/\/studiomorro.be\/wp-content\/uploads\/2024\/12\/Studio-Morro-O-300x300.jpg 300w, https:\/\/studiomorro.be\/wp-content\/uploads\/2024\/12\/Studio-Morro-O-150x150.jpg 150w, https:\/\/studiomorro.be\/wp-content\/uploads\/2024\/12\/Studio-Morro-O-768x768.jpg 768w, https:\/\/studiomorro.be\/wp-content\/uploads\/2024\/12\/Studio-Morro-O-12x12.jpg 12w, https:\/\/studiomorro.be\/wp-content\/uploads\/2024\/12\/Studio-Morro-O-140x140.jpg 140w, https:\/\/studiomorro.be\/wp-content\/uploads\/2024\/12\/Studio-Morro-O-100x100.jpg 100w, https:\/\/studiomorro.be\/wp-content\/uploads\/2024\/12\/Studio-Morro-O-500x500.jpg 500w, https:\/\/studiomorro.be\/wp-content\/uploads\/2024\/12\/Studio-Morro-O-350x350.jpg 350w, https:\/\/studiomorro.be\/wp-content\/uploads\/2024\/12\/Studio-Morro-O-800x800.jpg 800w, https:\/\/studiomorro.be\/wp-content\/uploads\/2024\/12\/Studio-Morro-O-600x600.jpg 600w, https:\/\/studiomorro.be\/wp-content\/uploads\/2024\/12\/Studio-Morro-O-50x50.jpg 50w\" sizes=\"auto, (max-width: 1000px) 100vw, 1000px\" \/>\n          <\/div>\n        <\/div>\n      <\/div>\n    <\/div>\n\t\t<\/div> \n\t<\/div>\n\t<\/div> \n<\/div><\/div>\n\t\t\t<\/div> \n\t\t<\/div>\n\t<\/div> \n<\/div><\/div>","protected":false},"excerpt":{"rendered":"about morro Our mission is to create design objects that stand out, not blend in. We love playing with vibrant colors and surprising shapes to make you go, \"Whoa!\". Handmade...","protected":false},"author":1,"featured_media":0,"parent":0,"menu_order":0,"comment_status":"closed","ping_status":"closed","template":"","meta":{"_acf_changed":false,"_monsterinsights_skip_tracking":false,"_monsterinsights_sitenote_active":false,"_monsterinsights_sitenote_note":"","_monsterinsights_sitenote_category":0,"advanced_seo_description":"","jetpack_seo_html_title":"","jetpack_seo_noindex":false,"footnotes":""},"class_list":["post-176","page","type-page","status-publish"],"acf":[],"jetpack_sharing_enabled":true,"_links":{"self":[{"href":"https:\/\/studiomorro.be\/nl\/wp-json\/wp\/v2\/pages\/176","targetHints":{"allow":["GET"]}}],"collection":[{"href":"https:\/\/studiomorro.be\/nl\/wp-json\/wp\/v2\/pages"}],"about":[{"href":"https:\/\/studiomorro.be\/nl\/wp-json\/wp\/v2\/types\/page"}],"author":[{"embeddable":true,"href":"https:\/\/studiomorro.be\/nl\/wp-json\/wp\/v2\/users\/1"}],"replies":[{"embeddable":true,"href":"https:\/\/studiomorro.be\/nl\/wp-json\/wp\/v2\/comments?post=176"}],"version-history":[{"count":66,"href":"https:\/\/studiomorro.be\/nl\/wp-json\/wp\/v2\/pages\/176\/revisions"}],"predecessor-version":[{"id":857,"href":"https:\/\/studiomorro.be\/nl\/wp-json\/wp\/v2\/pages\/176\/revisions\/857"}],"wp:attachment":[{"href":"https:\/\/studiomorro.be\/nl\/wp-json\/wp\/v2\/media?parent=176"}],"curies":[{"name":"wp","href":"https:\/\/api.w.org\/{rel}","templated":true}]}}